{"id":253,"date":"2013-09-26T10:49:12","date_gmt":"2013-09-26T09:49:12","guid":{"rendered":"http:\/\/ifrath.fr\/handicap2014\/?page_id=253"},"modified":"2016-07-22T18:42:09","modified_gmt":"2016-07-22T17:42:09","slug":"informations-pratiques","status":"publish","type":"page","link":"https:\/\/ifrath.fr\/handicap2014\/informations-pratiques\/","title":{"rendered":"Informations pratiques"},"content":{"rendered":"<h2>D\u00eener de Gala<\/h2>\n<table>\n<tr>\n<td>\n\t<img decoding=\"async\" src=\"http:\/\/ifrath.fr\/handicap2014\/wp-content\/uploads\/sites\/3\/2014\/03\/croisiere.jpg\" \/>\n\t<\/td>\n<td>\n\t<a href=\"http:\/\/www.bateauxparisiens.com\/\">Croisi\u00e8re D\u00eener &#8211; Bateaux Parisiens<\/a><br \/>\n\tA bord d&rsquo;un bateau enti\u00e8rement vitr\u00e9, vous entrez dans le secret du Paris des lumi\u00e8res, la cuisine est soigneusement mise en sc\u00e8ne, le service est attentionn\u00e9 et discret, vos yeux p\u00e9tillent comme jamais&#8230; C\u2019est le \u00ab\u00a0must\u00a0\u00bb, une exp\u00e9rience culturelle et parisienne unique au monde \u00e0 partager !\n\t<\/td>\n<\/tr>\n<\/table>\n<p>        <b>Modalit\u00e9s pratiques<\/b><\/p>\n<ul>\n<li>Enregistrement au Ponton n\u00b05 ou n\u00b07 du Port de La Bourdonnais entre 19H45 et 20H15. <a title=\"Itin\u00e9raire Google Map h\u00f4tel Mercure - Bateaux Parisiens (d\u00e9faut : transports en commun)\" href=\"https:\/\/www.google.fr\/maps\/dir\/69+Boulevard+Victor,+75015+Paris\/Bateaux+Parisiens,+Port+de+la+Bourdonnais,+75007+Paris\/@48.852208,2.3066659,13z\/am=t\/data=!3m1!4b1!4m16!4m15!1m5!1m1!1s0x47e6706dc920fb63:0x9e8fa3be57a053e!2m2!1d2.2887203!2d48.8331868!1m5!1m1!1s0x47e66fe3cca86503:0x195c12658ef8df0c!2m2!1d2.294936!2d48.861193!2m1!6e4!3e3\">Itin\u00e9raire (transports en commun &#8211; 30min. \/ \u00e0 pied 47min.)<\/a><\/li>\n<li>D\u00e9part en croisi\u00e8re \u00e0 20H30<\/li>\n<li>Retour \u00e0 quai \u00e0 23H00<\/li>\n<\/ul>\n<p>\t<b>Frais de participation au d\u00eener de Gala<\/b><\/p>\n<ul>\n<li>Participant \u00e0 la conf\u00e9rence : 20 euros<\/li>\n<li>Accompagnateur : 100 euros<\/li>\n<\/ul>\n<p>\tMerci d&rsquo;envoyer un ch\u00e8que \u00e0 l&rsquo;ordre de l&rsquo;IFRATH d\u00e8s que vous avez compl\u00e9t\u00e9 votre inscription en ligne et au plus tard le 31 mai, d\u00e9lai de rigueur, pour confirmer votre r\u00e9servation au d\u00eener (seuls les ch\u00e8ques sont accept\u00e9s). Apr\u00e8s le 31 mai, la participation au repas de gala sera factur\u00e9e au tarif plein, c&rsquo;est-\u00e0-dire 100 euros.<br \/>\n\tMerci \u00e9galement de bien vouloir joindre \u00e0 votre envoi le(s) nom(s) des personnes pour la r\u00e9servation.<br \/>\n\tAdresse :<br \/>\n\t<i>Tr\u00e9sorier IFRATH<br \/>\n\t857F Rue Jean-Baptiste Lebas<br \/>\n\t59830 Cysoing<br \/><\/i><\/p>\n<h2>Lieu de la conf\u00e9rence<\/h2>\n<p>\tLa conf\u00e9rence Handicap 2014 se d\u00e9roulera \u00e0 l&rsquo;<a href=\"http:\/\/www.mercure.com\/fr\/hotel-1131-mercure-paris-vaugirard-porte-de-versailles\/index.shtml\">hotel Mercure situ\u00e9 Porte de Versailles<\/a><\/p>\n<p>\tAdresse de l&rsquo;hotel Mercure : 69 boulevard Victor 75015 &#8211; PARIS<br \/>\n<a href=\"https:\/\/maps.google.fr\/maps\/ms?msa=0&amp;msid=211554457945151364861.0004e7e7410b8e902fa1a&amp;ie=UTF8&amp;t=m&amp;z=17&amp;source=embed\"><img decoding=\"async\" src=\"http:\/\/ifrath.fr\/handicap2014\/wp-content\/uploads\/sites\/3\/2013\/10\/plan_hotel.jpg\" \/><br \/>\n<br \/>Afficher Mercure Paris Vaugirard Porte de Versailles<\/a> sur une carte<\/p>\n<h2>Se rendre \u00e0 Paris<\/h2>\n<table border=\"none\">\n<tr>\n<td>\n\t<img decoding=\"async\" src=\"http:\/\/ifrath.fr\/handicap2014\/wp-content\/uploads\/sites\/3\/2013\/10\/avion2.png\" \/>\n\t<\/td>\n<td>\n<h2>Venir \u00e0 paris en avion<\/h2>\n<p>\t    L&rsquo;a\u00e9roport <a href=\"http:\/\/www.aeroportsdeparis.fr\/ADP\/fr-FR\/Passagers\/Accueil\/\">Paris Charles de Gaulle<\/a> se trouve \u00e0 environ une heure de transport de la porte de Versailles, lieu de la conf\u00e9rence.<br \/>\n\t    L&rsquo;a\u00e9roport <a href=\"http:\/\/www.aeroportsdeparis.fr\/ADP\/fr-FR\/Passagers\/Accueil\/\">Paris Orly<\/a> se trouve \u00e9galement \u00e0 environ une heure de transport de la porte de Versailles, lieu de la conf\u00e9rence.\n\t<\/td>\n<\/tr>\n<tr>\n<td>\n\t<img decoding=\"async\" src=\"http:\/\/ifrath.fr\/handicap2014\/wp-content\/uploads\/sites\/3\/2013\/10\/train2.png\" \/>\n\t<\/td>\n<td>\n<h2>Venir \u00e0 paris en train<\/h2>\n<p>\tToutes les gares parisiennes intra-muros sont a moins d&rsquo;une heure de transport de la porte de Versailles. Vous pouvez r\u00e9server vos billets sur la <a href=\"http:\/\/www.voyages-sncf.com\/billet-train\">boutique en ligne SNCF<\/a><\/p>\n<tr>\n<td>\n\t<img decoding=\"async\" src=\"http:\/\/ifrath.fr\/handicap2014\/wp-content\/uploads\/sites\/3\/2013\/10\/carte2.png\" \/>\n\t<\/td>\n<td>\n<h2>Se d\u00e9placer \u00e0 Paris<\/h2>\n<p>\tLe r\u00e9seau de transport d&rsquo;Ile de France est particuli\u00e8rement dense, aussi il vous sera tr\u00e8s facile de vous d\u00e9placer dans Paris. Vous pouvez consulter le plan interactif de la RATP pour planifier votre trajet : <a href=\"http:\/\/www.ratp.fr\/plan-interactif\/\">plan interactif<\/a>\n\t<\/td>\n<\/tr>\n<tr>\n<td>\n\t<img decoding=\"async\" src=\"http:\/\/ifrath.fr\/handicap2014\/wp-content\/uploads\/sites\/3\/2013\/10\/hotel2.png\" \/>\n\t<\/td>\n<td>\n<h2>R\u00e9server un hotel<\/h2>\n<p>\tLa conf\u00e9rence Handicap 2014 se d\u00e9roule dans le 15\u00e8me arrondissement de Paris, pr\u00e8s du parc des expositions. De nombreux hotels sont donc disponibles \u00e0 proximit\u00e9 : <a href=\"http:\/\/en.parisinfo.com\/paris-hotels\/\">hotels \u00e0 Paris<\/a>\n\t<\/td>\n<\/tr>\n<\/table>\n","protected":false},"excerpt":{"rendered":"<p>D\u00eener de Gala Croisi\u00e8re D\u00eener &#8211; Bateaux Parisiens A bord d&rsquo;un bateau enti\u00e8rement vitr\u00e9, vous entrez dans le secret du Paris des lumi\u00e8res, la cuisine est soigneusement mise en sc\u00e8ne, le service est attentionn\u00e9 et discret, vos yeux p\u00e9tillent comme jamais&#8230; C\u2019est le \u00ab\u00a0must\u00a0\u00bb, une exp\u00e9rience culturelle et parisienne unique au monde \u00e0 partager ! &hellip; <\/p>\n<p><a class=\"more-link btn\" href=\"https:\/\/ifrath.fr\/handicap2014\/informations-pratiques\/\">Lire la suite<\/a><\/p>\n","protected":false},"author":4,"featured_media":0,"parent":0,"menu_order":0,"comment_status":"closed","ping_status":"open","template":"","meta":{"footnotes":""},"class_list":["post-253","page","type-page","status-publish","hentry","nodate","item-wrap"],"_links":{"self":[{"href":"https:\/\/ifrath.fr\/handicap2014\/wp-json\/wp\/v2\/pages\/253","targetHints":{"allow":["GET"]}}],"collection":[{"href":"https:\/\/ifrath.fr\/handicap2014\/wp-json\/wp\/v2\/pages"}],"about":[{"href":"https:\/\/ifrath.fr\/handicap2014\/wp-json\/wp\/v2\/types\/page"}],"author":[{"embeddable":true,"href":"https:\/\/ifrath.fr\/handicap2014\/wp-json\/wp\/v2\/users\/4"}],"replies":[{"embeddable":true,"href":"https:\/\/ifrath.fr\/handicap2014\/wp-json\/wp\/v2\/comments?post=253"}],"version-history":[{"count":31,"href":"https:\/\/ifrath.fr\/handicap2014\/wp-json\/wp\/v2\/pages\/253\/revisions"}],"predecessor-version":[{"id":460,"href":"https:\/\/ifrath.fr\/handicap2014\/wp-json\/wp\/v2\/pages\/253\/revisions\/460"}],"wp:attachment":[{"href":"https:\/\/ifrath.fr\/handicap2014\/wp-json\/wp\/v2\/media?parent=253"}],"curies":[{"name":"wp","href":"https:\/\/api.w.org\/{rel}","templated":true}]}}