{"id":10,"date":"2013-04-03T10:39:34","date_gmt":"2013-04-03T09:39:34","guid":{"rendered":"http:\/\/ifrath.fr\/handicap2014\/?page_id=10"},"modified":"2016-07-22T18:42:10","modified_gmt":"2016-07-22T17:42:10","slug":"teaser","status":"publish","type":"page","link":"https:\/\/ifrath.fr\/handicap2014\/","title":{"rendered":"Teaser"},"content":{"rendered":"<h2 style=\"text-align: center;color: #2b6998\">Congr\u00e8s Handicap 2014 &#8211; 8\u00e8me \u00c9dition<\/h2>\n<h3 style=\"text-align: center;color: #2b6998\"><em>Les technologies d\u2019assistance : de la compensation \u00e0 l\u2019autonomie<\/em><\/h3>\n<h3 style=\"text-align: center;color: #2b6998\">Paris, 11-13\u00a0 juin 2014, h\u00f4tel Mercure Vaugirard Porte de Versailles<br \/>\n<em>en lien avec <a href=\"http:\/\/www.autonomic-expo.com\/autonomic_paris\/paris\/fr\/3-le_salon.html\">le salon Autonomic Paris<\/a><\/em><\/h3>\n<h3 style=\"text-align: center;color: red\"><strong>Date limite d&rsquo;inscription \u00e0 tarif r\u00e9duit repouss\u00e9e au 30 Mai 2014 !<\/strong><\/h3>\n<h4>Principaux th\u00e8mes (liste non exhaustive)<\/h4>\n<ul>\n<li>caract\u00e9risation et mod\u00e9lisation des d\u00e9ficiences<\/li>\n<li>technologies pour l\u2019autonomie et la sant\u00e9,<\/li>\n<li>m\u00e9thodologies (r\u00e9\u00e9ducation, stimulation, apprentissage, etc.),<\/li>\n<li>ergonomie des syst\u00e8mes d\u2019assistance,<\/li>\n<li>sociologie (\u00e9tude des usages des technologies, etc.),<\/li>\n<li>p\u00e9dagogie (int\u00e9gration scolaire, secondaire et sup\u00e9rieur, etc.)<\/li>\n<\/ul>\n<h4>Meilleurs articles<\/h4>\n<p>Les meilleurs articles seront publi\u00e9s dans les revues STH (Herm\u00e8s) ou AMSE (en anglais). <a href=\"http:\/\/ifrath.fr\/handicap2014\/wp-content\/uploads\/sites\/3\/2013\/10\/Handicap-2014reglementprix.pdf\">Un prix au meilleur article (3000 euros) sera d\u00e9cern\u00e9<\/a>.<\/p>\n<h4>R\u00e9sum\u00e9<\/h4>\n<p>Handicap 2014 est la 8\u00e8me \u00e9dition du congr\u00e8s francophone bisannuel organis\u00e9 par l\u2019IFRATH \u00e0 Paris. L\u2019IFRATH est une association regroupant des chercheurs, des professionnels de la sant\u00e9, des associations d\u2019utilisateurs et des industriels \u0153uvrant dans le domaine des aides techniques pour les personnes en situation de handicap.<\/p>\n<p>L&rsquo;objectif du congr\u00e8s Handicap 2014 est de brosser un \u00e9tat des lieux de la recherche sur les aides techniques pour personnes en situation de handicap.<\/p>\n<h4>Partenaires organisateurs du congr\u00e8s<\/h4>\n<table width=\"100%\">\n<tbody>\n<tr style=\"border: none\">\n<td style=\"border: none\">\n<p><div id=\"attachment_123\" style=\"width: 164px\" class=\"wp-caption aligncenter\"><a href=\"http:\/\/www.ifrath.fr\"><img loading=\"lazy\" decoding=\"async\" aria-describedby=\"caption-attachment-123\" class=\"size-full wp-image-123\" alt=\"IFRATH - Institut F\u00e9d\u00e9ratif de Recherches sur les Aides Techniques pour personnes Handicap\u00e9es\" src=\"http:\/\/ifrath.fr\/handicap2014\/wp-content\/uploads\/sites\/3\/2013\/04\/ifrath-logo.gif\" width=\"164\" height=\"82\" \/><\/a><p id=\"caption-attachment-123\" class=\"wp-caption-text\">IFRATH &#8211; Institut F\u00e9d\u00e9ratif de Recherches sur les Aides Techniques pour personnes Handicap\u00e9es<\/p><\/div><\/td>\n<td style=\"border: none\">\n<p><div id=\"attachment_125\" style=\"width: 164px\" class=\"wp-caption aligncenter\"><a href=\"http:\/\/www.univ-lyon1.fr\"><img loading=\"lazy\" decoding=\"async\" aria-describedby=\"caption-attachment-125\" class=\"size-full wp-image-125\" alt=\"UCBL - Universit\u00e9 Claude Bernard Lyon 1\" src=\"http:\/\/ifrath.fr\/handicap2014\/wp-content\/uploads\/sites\/3\/2013\/04\/lyon1.jpg\" width=\"164\" height=\"82\" \/><\/a><p id=\"caption-attachment-125\" class=\"wp-caption-text\">UCBL &#8211; Universit\u00e9 Claude Bernard Lyon 1<\/p><\/div><\/td>\n<\/tr>\n<tr style=\"border: none\">\n<td style=\"border: none\">\n<p><div id=\"attachment_201\" style=\"width: 300px\" class=\"wp-caption aligncenter\"><a href=\"http:\/\/www.univ-lyon2.fr\"><img loading=\"lazy\" decoding=\"async\" aria-describedby=\"caption-attachment-201\" class=\"size-full wp-image-201\" alt=\"Universit\u00e9 lumi\u00e8re Lyon 2\" src=\"http:\/\/ifrath.fr\/handicap2014\/wp-content\/uploads\/sites\/3\/2013\/11\/Logo-Lyon2.png\" width=\"300\" height=\"133\" \/><\/a><p id=\"caption-attachment-201\" class=\"wp-caption-text\">Universit\u00e9 lumi\u00e8re Lyon 2<\/p><\/div><\/td>\n<td style=\"border: none\">\n<p><div id=\"attachment_129\" style=\"width: 300px\" class=\"wp-caption aligncenter\"><a href=\"http:\/\/www.universite-lyon.fr\"><img loading=\"lazy\" decoding=\"async\" aria-describedby=\"caption-attachment-129\" class=\"size-full wp-image-129\" alt=\"Universit\u00e9 de Lyon\" src=\"http:\/\/ifrath.fr\/handicap2014\/wp-content\/uploads\/sites\/3\/2013\/04\/universite-de-lyon.jpg\" width=\"300\" height=\"133\" \/><\/a><p id=\"caption-attachment-129\" class=\"wp-caption-text\">Universit\u00e9 de Lyon<\/p><\/div><\/td>\n<\/tr>\n<tr style=\"border: none\">\n<td style=\"border: none\">\n<p><div id=\"attachment_127\" style=\"width: 164px\" class=\"wp-caption aligncenter\"><a href=\"http:\/\/ifrath.fr\/handicap2014\/wp-content\/uploads\/sites\/3\/2013\/04\/paris8-logo.gif\"><img loading=\"lazy\" decoding=\"async\" aria-describedby=\"caption-attachment-127\" class=\"size-full wp-image-127\" alt=\"UP 8 - Universit\u00e9 Paris 8 Vincennes-St Denis\" src=\"http:\/\/ifrath.fr\/handicap2014\/wp-content\/uploads\/sites\/3\/2013\/04\/paris8-logo.gif\" width=\"164\" height=\"82\" \/><\/a><p id=\"caption-attachment-127\" class=\"wp-caption-text\">UP 8 &#8211; Universit\u00e9 Paris 8 Vincennes-St Denis<\/p><\/div><\/td>\n<td style=\"border: none\">\n<p><div id=\"attachment_215\" style=\"width: 150px\" class=\"wp-caption aligncenter\"><a href=\"http:\/\/ifrath.fr\/handicap2014\/wp-content\/uploads\/sites\/3\/2013\/04\/univ-Aix-Marseille.jpg\"><img loading=\"lazy\" decoding=\"async\" aria-describedby=\"caption-attachment-215\" class=\"size-full wp-image-215\" alt=\"Universit\u00e9 d'Aix-Marseille\" src=\"http:\/\/ifrath.fr\/handicap2014\/wp-content\/uploads\/sites\/3\/2013\/04\/univ-Aix-Marseille.jpg\" width=\"150\" height=\"141\" \/><\/a><p id=\"caption-attachment-215\" class=\"wp-caption-text\">Universit\u00e9 d&rsquo;Aix-Marseille<\/p><\/div><\/td>\n<\/tr>\n<tr style=\"border: none\">\n<td style=\"border: none\">\n<p><div id=\"attachment_208\" style=\"width: 164px\" class=\"wp-caption aligncenter\"><a href=\"http:\/\/ifrath.fr\/handicap2014\/wp-content\/uploads\/sites\/3\/2013\/04\/logo-Lille-1.jpg\"><img loading=\"lazy\" decoding=\"async\" aria-describedby=\"caption-attachment-208\" class=\"size-full wp-image-208\" alt=\"Universit\u00e9 de Lille 1\" src=\"http:\/\/ifrath.fr\/handicap2014\/wp-content\/uploads\/sites\/3\/2013\/04\/logo-Lille-1.jpg\" width=\"164\" height=\"82\" \/><\/a><p id=\"caption-attachment-208\" class=\"wp-caption-text\">Universit\u00e9 de Lille 1<\/p><\/div><\/td>\n<td style=\"border: none\">\n<p><div id=\"attachment_216\" style=\"width: 120px\" class=\"wp-caption aligncenter\"><a href=\"http:\/\/ifrath.fr\/handicap2014\/wp-content\/uploads\/sites\/3\/2013\/04\/Logo_UEvryValEssonne_2011.png\"><img loading=\"lazy\" decoding=\"async\" aria-describedby=\"caption-attachment-216\" class=\"size-full wp-image-216\" alt=\"universit\u00e9 d'\u00c9vry-Val d'Essonne\" src=\"http:\/\/ifrath.fr\/handicap2014\/wp-content\/uploads\/sites\/3\/2013\/04\/Logo_UEvryValEssonne_2011.png\" width=\"120\" height=\"62\" \/><\/a><p id=\"caption-attachment-216\" class=\"wp-caption-text\">Universit\u00e9 d&rsquo;\u00c9vry-Val d&rsquo;Essonne<\/p><\/div><\/td>\n<\/tr>\n<tr style=\"border: none\">\n<td style=\"border: none\">\n<p><div id=\"attachment_119\" style=\"width: 164px\" class=\"wp-caption aligncenter\"><a href=\"http:\/\/ifrath.fr\/handicap2014\/wp-content\/uploads\/sites\/3\/2013\/04\/cnam-logo.gif\"><img loading=\"lazy\" decoding=\"async\" aria-describedby=\"caption-attachment-119\" class=\"size-full wp-image-119\" alt=\"CNAM Paris - Conservatoire National des Arts et M\u00e9tiers\" src=\"http:\/\/ifrath.fr\/handicap2014\/wp-content\/uploads\/sites\/3\/2013\/04\/cnam-logo.gif\" width=\"164\" height=\"62\" \/><\/a><p id=\"caption-attachment-119\" class=\"wp-caption-text\">CNAM Paris &#8211; Conservatoire National des Arts et M\u00e9tiers<\/p><\/div><\/td>\n<td style=\"border: none\">\n<div id=\"attachment_244\" style=\"width: 200px\" class=\"wp-caption alignnone\"><a href=\"http:\/\/ifrath.fr\/handicap2014\/wp-content\/uploads\/sites\/3\/2013\/04\/UPEC_blanc.jpg\"><img loading=\"lazy\" decoding=\"async\" aria-describedby=\"caption-attachment-244\" class=\"size-medium wp-image-244\" alt=\"Universit\u00e9 Paris-Est Cr\u00e9teil Val de Marne\" src=\"http:\/\/ifrath.fr\/handicap2014\/wp-content\/uploads\/sites\/3\/2013\/04\/UPEC_blanc-300x163.jpg\" width=\"200\" height=\"90\" \/><\/a><p id=\"caption-attachment-244\" class=\"wp-caption-text\">Universit\u00e9 Paris-Est Cr\u00e9teil Val de Marne<\/p><\/div><\/td>\n<\/tr>\n<tr style=\"border: none\">\n<td style=\"border: none\">\n<div id=\"attachment_245\" style=\"width: 100px\" class=\"wp-caption alignnone\"><a href=\"http:\/\/ifrath.fr\/handicap2014\/wp-content\/uploads\/sites\/3\/2014\/02\/logomasterHANDI.jpg\"><img loading=\"lazy\" decoding=\"async\" aria-describedby=\"caption-attachment-245\" src=\"http:\/\/ifrath.fr\/handicap2014\/wp-content\/uploads\/sites\/3\/2014\/02\/logomasterHANDI-249x300.jpg\" alt=\"Master Handi - \" width=\"100\" height=\"130\" \/><\/a><p id=\"caption-attachment-245\" class=\"wp-caption-text\">Master Handi &#8211; Universit\u00e9 Paris 8<\/p><\/div>\n<\/td>\n<\/tr>\n<\/tbody>\n<\/table>\n","protected":false},"excerpt":{"rendered":"<p>Congr\u00e8s Handicap 2014 &#8211; 8\u00e8me \u00c9dition Les technologies d\u2019assistance : de la compensation \u00e0 l\u2019autonomie Paris, 11-13\u00a0 juin 2014, h\u00f4tel Mercure Vaugirard Porte de Versailles en lien avec le salon Autonomic Paris Date limite d&rsquo;inscription \u00e0 tarif r\u00e9duit repouss\u00e9e au 30 Mai 2014 ! Principaux th\u00e8mes (liste non exhaustive) caract\u00e9risation et mod\u00e9lisation des d\u00e9ficiences technologies &hellip; <\/p>\n<p><a class=\"more-link btn\" href=\"https:\/\/ifrath.fr\/handicap2014\/\">Lire la suite<\/a><\/p>\n","protected":false},"author":4,"featured_media":0,"parent":0,"menu_order":0,"comment_status":"closed","ping_status":"open","template":"","meta":{"footnotes":""},"class_list":["post-10","page","type-page","status-publish","hentry","nodate","item-wrap"],"_links":{"self":[{"href":"https:\/\/ifrath.fr\/handicap2014\/wp-json\/wp\/v2\/pages\/10","targetHints":{"allow":["GET"]}}],"collection":[{"href":"https:\/\/ifrath.fr\/handicap2014\/wp-json\/wp\/v2\/pages"}],"about":[{"href":"https:\/\/ifrath.fr\/handicap2014\/wp-json\/wp\/v2\/types\/page"}],"author":[{"embeddable":true,"href":"https:\/\/ifrath.fr\/handicap2014\/wp-json\/wp\/v2\/users\/4"}],"replies":[{"embeddable":true,"href":"https:\/\/ifrath.fr\/handicap2014\/wp-json\/wp\/v2\/comments?post=10"}],"version-history":[{"count":149,"href":"https:\/\/ifrath.fr\/handicap2014\/wp-json\/wp\/v2\/pages\/10\/revisions"}],"predecessor-version":[{"id":487,"href":"https:\/\/ifrath.fr\/handicap2014\/wp-json\/wp\/v2\/pages\/10\/revisions\/487"}],"wp:attachment":[{"href":"https:\/\/ifrath.fr\/handicap2014\/wp-json\/wp\/v2\/media?parent=10"}],"curies":[{"name":"wp","href":"https:\/\/api.w.org\/{rel}","templated":true}]}}