{"id":48,"date":"2021-07-02T15:36:15","date_gmt":"2021-07-02T13:36:15","guid":{"rendered":"https:\/\/ifrath.fr\/adele-team\/?page_id=48"},"modified":"2021-08-27T11:21:29","modified_gmt":"2021-08-27T09:21:29","slug":"telechargement-de-adele-pour-windows","status":"publish","type":"page","link":"https:\/\/ifrath.fr\/adele-team\/telechargement-de-adele-pour-windows\/","title":{"rendered":"T\u00e9l\u00e9chargement de ADELE-TEAM pour Windows"},"content":{"rendered":"<p>&nbsp;<br \/>\n&nbsp;<br \/>\n&nbsp;<br \/>\n&nbsp;<\/p>\n<hr align=\"center\" size=\"8\" width=\"50%\">\n<p>&nbsp;<\/p>\n<h4 style=\"text-align: center\"><span style=\"color: #000000\"><span style=\"font-size: 24pt\"><strong>T\u00e9l\u00e9charger la version<\/strong> <\/span><strong><span style=\"font-size: 24pt\"> pour Windows<\/span><br \/>\n<\/strong><\/span><\/h4>\n<p>&nbsp;<\/p>\n<p><span style=\"color: #000000\"><strong>Veuillez remplir ce formulaire et cliquer sur le bouton t\u00e9l\u00e9charger<\/strong><\/span><\/p>\n\n<div class=\"otfe-fe-form-wrapper\">\n\n\t<div class=\"otfe-fe-message-wrapper otfe-fe-message-wrapper-1\"><\/div>\n\n\t<form method=\"post\" action=\"\" class=\"otfd-fe-form\" id=\"otfd-fe-form-1\">\n\t\t\t\t<div class=\"otfd-fe-form-row\">\n\t\t\t<label>* Votre mail<\/label>\n\t\t\t<input type=\"email\" name=\"email\" class=\"otfd-fe-email otfd-fe-input\" value=\"\" placeholder=\"* Votre mail\" \/>\n\t\t<\/div>\n\t\t\n\t\t\t\t\t\t\t\t\t<div class=\"otfd-fe-form-row\">\n\t\t\t\t\t<label>* Votre nom<\/label>\n\t\t\t\t\t<input type=\"text\" name=\"* Votre nom\" class=\"otfd-fe-input\" value=\"\" placeholder=\"* Votre nom\" \/>\n\t\t\t\t<\/div>\n\t\t\t\t\t\t\t<div class=\"otfd-fe-form-row\">\n\t\t\t\t\t<label>* Votre pr\u00e9nom<\/label>\n\t\t\t\t\t<input type=\"text\" name=\"* Votre pr\u00e9nom\" class=\"otfd-fe-input\" value=\"\" placeholder=\"* Votre pr\u00e9nom\" \/>\n\t\t\t\t<\/div>\n\t\t\t\t\t\t\t<div class=\"otfd-fe-form-row\">\n\t\t\t\t\t<label>* Votre t\u00e9l\u00e9phone<\/label>\n\t\t\t\t\t<input type=\"text\" name=\"* Votre t\u00e9l\u00e9phone\" class=\"otfd-fe-input\" value=\"\" placeholder=\"* Votre t\u00e9l\u00e9phone\" \/>\n\t\t\t\t<\/div>\n\t\t\t\t\t\n\t\t<div class=\"otfd-fe-form-row otfd-fe-form-errors otfd-hidden\">\n\t\t\t<p>\n\t\t\t\tVeuillez corriger les erreurs ci-dessus et r\u00e9essayer\t\t\t<\/p>\n\t\t<\/div>\n\t\t<input type=\"hidden\" id=\"otfd_fe_nonce_1\" name=\"otfd_fe_nonce_1\" value=\"1a6215cf55\" \/><input type=\"hidden\" name=\"_wp_http_referer\" value=\"\/adele-team\/wp-json\/wp\/v2\/pages\/48\" \/>\t\t<input type=\"hidden\" name=\"otfd_fe_action\" class=\"otfd_fe_action\" value=\"email_link\" \/>\n\t\t<div class=\"otfd-fe-form-row\">\n\t\t\t<a href=\"#\" class=\"otfd-fe-form-submit\" data-otfdid=\"1\">T\u00e9l\u00e9charger par mail<\/a>\n\t\t<\/div>\n\t<\/form>\n\n<\/div>\n\n<p>&nbsp;<\/p>\n<p style=\"text-align: center\"><a id=\"bBottle\" class=\"btn btn-default\" href=\"https:\/\/ifrath.fr\/adele-team-old\/documents\/version2.7.0\/ADELE-TEAM_2.7.0_guide_utilisation.pdf\"><br \/>\n<img loading=\"lazy\" decoding=\"async\" class=\"\" src=\"http:\/\/ifrath.fr\/adele-team\/wp-content\/uploads\/sites\/11\/2021\/08\/download-1.png\" width=\"82\" height=\"82\"><br \/>\n<span style=\"color: #000000;font-size: 14pt\"><b><span class=\"hidden-xs hidden-sm\">Guide d&rsquo;utilisation<\/span><\/b><\/span><br \/>\n<\/a><\/p>\n<p>&nbsp;<\/p>\n<h4 style=\"text-align: center\"><span style=\"color: #000000\"><strong>Mise \u00e0 jour et protection d\u2019ADELE-TEAM<\/strong><\/span><\/h4>\n<p class=\"justification_texte\" style=\"text-align: center\"><span style=\"color: #000000\">La dur\u00e9e d\u2019une licence est de 2 ans \u00e0 partir de la date d\u2019installation. Apr\u00e8s deux ans, \u00e0 l\u2019ouverture du logiciel, une fen\u00eatre vous proposera de t\u00e9l\u00e9charger la version la plus r\u00e9cente en substitution de celle dont vous disposez en renouvelant ainsi la licence pour deux ans. S\u2019il existe une version plus r\u00e9cente que celle que vous avez sur votre ordinateur la nouvelle version se substituera \u00e0 la v\u00f4tre en effectuant une mise-\u00e0-jour.<\/span><\/p>\n<p>&nbsp;<\/p>\n<p style=\"text-align: center\"><a href=\"\/adele-team\/\"><button class=\"button\">Retour \u00e0 l&rsquo;accueil<\/button><\/a><\/p>\n","protected":false},"excerpt":{"rendered":"<p>&nbsp; &nbsp; &nbsp; &nbsp; &nbsp; T\u00e9l\u00e9charger la version pour Windows &nbsp; Veuillez remplir ce formulaire et cliquer sur le bouton t\u00e9l\u00e9charger &nbsp; Guide d&rsquo;utilisation &nbsp; Mise \u00e0 jour et protection d\u2019ADELE-TEAM La dur\u00e9e d\u2019une licence est de 2 ans \u00e0 partir de la date d\u2019installation. Apr\u00e8s deux ans, \u00e0 l\u2019ouverture du logiciel, une fen\u00eatre vous&hellip; <br \/> <a class=\"button small blue\" href=\"https:\/\/ifrath.fr\/adele-team\/telechargement-de-adele-pour-windows\/\">Lire la suite<\/a><\/p>\n","protected":false},"author":31,"featured_media":0,"parent":0,"menu_order":0,"comment_status":"closed","ping_status":"closed","template":"","meta":{"ngg_post_thumbnail":0,"footnotes":""},"class_list":["post-48","page","type-page","status-publish","hentry"],"_links":{"self":[{"href":"https:\/\/ifrath.fr\/adele-team\/wp-json\/wp\/v2\/pages\/48","targetHints":{"allow":["GET"]}}],"collection":[{"href":"https:\/\/ifrath.fr\/adele-team\/wp-json\/wp\/v2\/pages"}],"about":[{"href":"https:\/\/ifrath.fr\/adele-team\/wp-json\/wp\/v2\/types\/page"}],"author":[{"embeddable":true,"href":"https:\/\/ifrath.fr\/adele-team\/wp-json\/wp\/v2\/users\/31"}],"replies":[{"embeddable":true,"href":"https:\/\/ifrath.fr\/adele-team\/wp-json\/wp\/v2\/comments?post=48"}],"version-history":[{"count":24,"href":"https:\/\/ifrath.fr\/adele-team\/wp-json\/wp\/v2\/pages\/48\/revisions"}],"predecessor-version":[{"id":535,"href":"https:\/\/ifrath.fr\/adele-team\/wp-json\/wp\/v2\/pages\/48\/revisions\/535"}],"wp:attachment":[{"href":"https:\/\/ifrath.fr\/adele-team\/wp-json\/wp\/v2\/media?parent=48"}],"curies":[{"name":"wp","href":"https:\/\/api.w.org\/{rel}","templated":true}]}}