{"id":44,"date":"2021-07-02T15:35:25","date_gmt":"2021-07-02T13:35:25","guid":{"rendered":"https:\/\/ifrath.fr\/adele-team\/?page_id=44"},"modified":"2024-04-16T00:57:56","modified_gmt":"2024-04-15T22:57:56","slug":"quest-ce-quadele-team","status":"publish","type":"page","link":"https:\/\/ifrath.fr\/adele-team\/","title":{"rendered":"Qu&rsquo;est-ce qu&rsquo;ADELE-TEAM ?"},"content":{"rendered":"<p>&nbsp;<br \/>\n&nbsp;<br \/>\n&nbsp;<br \/>\n&nbsp;<\/p>\n<hr align=\"center\" size=\"8\" width=\"50%\">\n<p>&nbsp;<\/p>\n<h4 class=\"text-center\" style=\"text-align: center\"><span style=\"font-family: arial, helvetica, sans-serif;font-size: 24pt\"><span style=\"color: #000000\">Qu&rsquo;est-ce qu&rsquo;A<\/span><span style=\"color: #000000\">DELE-TEAM ?<\/span><\/span><\/h4>\n<div class=\"justification_texte\">\n<div class=\"col-xs-12 col-sm-6\">\n<ul>\n<li><span style=\"color: #000000\">Dans le cadre d\u2019une recherche financ\u00e9e par l\u2019Agefiph, l\u2019\u00e9quipe THIM du laboratoire CHArt de l\u2019Universit\u00e9 Paris 8 a d\u00e9velopp\u00e9 le logiciel ADELE-TEAM (Aide Directe \u00e0 l\u2019\u00c9criture et la Lecture Express &#8211; Technologies pour les Entreprises, les Administrations et le Management). Ce logiciel permet actuellement la consultation de documents et la r\u00e9daction de textes, toutes les deux rapides, privil\u00e9giant la lecture auditive (par synth\u00e8se vocale) \u00e0 la lecture visuelle. Il est avant tout destin\u00e9 aux personnes dys (dyslexiques, dysorthographiques et dyspraxiques, \u2026) mais plus largement il est utilisable par toutes les personnes qui souhaitent disposer d\u2019une lecture suivie rapide privil\u00e9giant la s\u00e9mantique et comportant un \u00e9cho vocal lors de la r\u00e9daction.<\/span><\/li>\n<\/ul>\n<\/div>\n<div class=\"col-xs-12 col-sm-6\">\n<ul>\n<li><span style=\"color: #000000\">Sp\u00e9cialement pens\u00e9 pour \u00eatre utilis\u00e9 en entreprise, il est con\u00e7u pour faciliter la lecture de documents longs dont le lecteur doit extraire les parties utiles pour lui. En lecture comme en r\u00e9daction, il \u00e9vite le recours \u00e0 la lecture oculaire r\u00e9duisant ainsi la fatigue. Cependant il comporte \u00e9galement toutes les fonctionnalit\u00e9s de l\u2019accompagnement visuel : il respecte toute les fonctionnalit\u00e9s d\u2019aide \u00e0 la lecture oculaire du texte par des personnes dys (param\u00e9trage de l\u2019interlignage, de l\u2019espacement entre les mots, polices de caract\u00e8res sp\u00e9cifiques, lat\u00e9ralisation par couleur de l&rsquo;encadrement, et en lecture dynamique auditive, surlignement des phrases et des mots lus pour obtenir un effet karaok\u00e9, \u2026).<\/span><\/li>\n<\/ul>\n<p>&nbsp;<br \/>\n&nbsp;<\/p>\n<\/div>\n<\/div>\n<div class=\"telechargement text-center\" style=\"text-align: center\">\n<h4 class=\"heading8\"><span style=\"font-family: arial, helvetica, sans-serif\"><span style=\"color: #000000\">T\u00e9l\u00e9charger A<\/span><\/span><span style=\"font-family: arial, helvetica, sans-serif\"><span style=\"color: #000000\">DELE-TEAM<\/span><\/span><\/h4>\n<p class=\"header-subtitle\"><span style=\"color: #000000;font-size: 12pt;font-family: Arial, Helvetica, sans-serif\">Choisissez votre syst\u00e8me d&rsquo;exploitation et t\u00e9l\u00e9charger ADELE-TEAM<\/span><\/p>\n<\/div>\n<div>&nbsp;<\/div>\n<p style=\"text-align: center\"><span style=\"color: #000000\"><span class=\"col col_shortcode\"><a href=\"\/adele-team\/telechargement-de-adele-pour-windows\/\"> <button class=\"windowsdownbutton\">Version Windows<\/button><\/a><\/span><span class=\"col col_shortcode\"> &nbsp; &nbsp;<a href=\"\/adele-team\/telechargement-de-adele-pour-mac-os\/\"><button class=\"downnmac\">Version MacOS<\/button><\/a> <\/span><\/span><\/p>\n<p>&nbsp;<br \/>\n&nbsp;<\/p>\n<h4 style=\"text-align: center\"><span style=\"color: #000000\">Mise \u00e0 jour et protection d\u2019ADELE-TEAM<\/span><\/h4>\n<p style=\"text-align: center\"><span style=\"color: #000000\">La dur\u00e9e d\u2019une licence est de 2 ans \u00e0 partir de la date d\u2019installation. Apr\u00e8s deux ans, \u00e0 l\u2019ouverture du logiciel, une fen\u00eatre vous proposera de t\u00e9l\u00e9charger la version la plus r\u00e9cente en substitution de celle dont vous disposez en renouvelant ainsi la licence pour deux ans. S\u2019il existe une version plus r\u00e9cente que celle que vous avez sur votre ordinateur la nouvelle version se substituera \u00e0 la v\u00f4tre en effectuant une mise-\u00e0-jour.<\/span><\/p>\n<p>&nbsp;<\/p>\n<hr align=\"center\" size=\"8\" width=\"50%\">\n<h4>&nbsp;<\/h4>\n<h4 style=\"text-align: center\"><span style=\"font-family: arial, helvetica, sans-serif;font-size: 18pt;color: #000000\">Partenaires<\/span><\/h4>\n<p style=\"text-align: center\"><span style=\"color: #000000\"><img loading=\"lazy\" decoding=\"async\" class=\"alignnone wp-image-244\" src=\"\/adele-team\/wp-content\/uploads\/sites\/11\/2021\/07\/logo-ifrath2.png\" alt=\"\" width=\"70\" height=\"39\"> &nbsp; <img loading=\"lazy\" decoding=\"async\" class=\"alignnone wp-image-239\" src=\"\/adele-team\/wp-content\/uploads\/sites\/11\/2021\/07\/paris-300x151-logo.png\" alt=\"\" width=\"77\" height=\"39\"> &nbsp; &nbsp;<img loading=\"lazy\" decoding=\"async\" class=\"alignnone wp-image-263\" src=\"\/adele-team\/wp-content\/uploads\/sites\/11\/2021\/07\/logo_assDysFrance.png\" alt=\"\" width=\"64\" height=\"47\">&nbsp;&nbsp; <img loading=\"lazy\" decoding=\"async\" class=\"alignnone wp-image-264\" src=\"\/adele-team\/wp-content\/uploads\/sites\/11\/2021\/07\/logoFFDys.png\" alt=\"\" width=\"112\" height=\"40\"> <img loading=\"lazy\" decoding=\"async\" class=\"alignnone wp-image-248\" src=\"\/adele-team\/wp-content\/uploads\/sites\/11\/2021\/07\/orange-150x150-Logo.png\" alt=\"\" width=\"48\" height=\"48\"> &nbsp;&nbsp;&nbsp;<img loading=\"lazy\" decoding=\"async\" class=\"alignnone wp-image-268\" src=\"\/adele-team\/wp-content\/uploads\/sites\/11\/2021\/07\/logoAgefiph-Logo.png\" alt=\"\" width=\"80\" height=\"53\">&nbsp; &nbsp;<img loading=\"lazy\" decoding=\"async\" class=\"alignnone wp-image-671\" src=\"\/adele-team\/wp-content\/uploads\/sites\/11\/2021\/07\/logoMsa-1.png\" alt=\"\" width=\"93\" height=\"43\"><\/span><\/p>\n","protected":false},"excerpt":{"rendered":"<p>&nbsp; &nbsp; &nbsp; &nbsp; &nbsp; Qu&rsquo;est-ce qu&rsquo;ADELE-TEAM ? Dans le cadre d\u2019une recherche financ\u00e9e par l\u2019Agefiph, l\u2019\u00e9quipe THIM du laboratoire CHArt de l\u2019Universit\u00e9 Paris 8 a d\u00e9velopp\u00e9 le logiciel ADELE-TEAM (Aide Directe \u00e0 l\u2019\u00c9criture et la Lecture Express &#8211; Technologies pour les Entreprises, les Administrations et le Management). Ce logiciel permet actuellement la consultation de&hellip; <br \/> <a class=\"button small blue\" href=\"https:\/\/ifrath.fr\/adele-team\/\">Lire la suite<\/a><\/p>\n","protected":false},"author":31,"featured_media":0,"parent":0,"menu_order":0,"comment_status":"closed","ping_status":"closed","template":"","meta":{"ngg_post_thumbnail":0,"footnotes":""},"class_list":["post-44","page","type-page","status-publish","hentry"],"_links":{"self":[{"href":"https:\/\/ifrath.fr\/adele-team\/wp-json\/wp\/v2\/pages\/44","targetHints":{"allow":["GET"]}}],"collection":[{"href":"https:\/\/ifrath.fr\/adele-team\/wp-json\/wp\/v2\/pages"}],"about":[{"href":"https:\/\/ifrath.fr\/adele-team\/wp-json\/wp\/v2\/types\/page"}],"author":[{"embeddable":true,"href":"https:\/\/ifrath.fr\/adele-team\/wp-json\/wp\/v2\/users\/31"}],"replies":[{"embeddable":true,"href":"https:\/\/ifrath.fr\/adele-team\/wp-json\/wp\/v2\/comments?post=44"}],"version-history":[{"count":63,"href":"https:\/\/ifrath.fr\/adele-team\/wp-json\/wp\/v2\/pages\/44\/revisions"}],"predecessor-version":[{"id":636,"href":"https:\/\/ifrath.fr\/adele-team\/wp-json\/wp\/v2\/pages\/44\/revisions\/636"}],"wp:attachment":[{"href":"https:\/\/ifrath.fr\/adele-team\/wp-json\/wp\/v2\/media?parent=44"}],"curies":[{"name":"wp","href":"https:\/\/api.w.org\/{rel}","templated":true}]}}