{"id":40,"date":"2021-07-02T15:34:33","date_gmt":"2021-07-02T13:34:33","guid":{"rendered":"https:\/\/ifrath.fr\/adele-team\/?page_id=40"},"modified":"2021-08-01T23:14:41","modified_gmt":"2021-08-01T21:14:41","slug":"mise-a-jour-et-protection-dadele-team","status":"publish","type":"page","link":"https:\/\/ifrath.fr\/adele-team\/mise-a-jour-et-protection-dadele-team\/","title":{"rendered":"Mentions l\u00e9gales"},"content":{"rendered":"<p>&nbsp;<br \/>\n&nbsp;<br \/>\n&nbsp;<br \/>\n&nbsp;<\/p>\n<hr align=\"center\" size=\"2\" width=\"50%\">\n<p>&nbsp;<\/p>\n<h4 class=\"text-center\" style=\"text-align: center\"><span style=\"color: #000000;font-size: 24pt\">Mentions l\u00e9gales<\/span><\/h4>\n<p class=\"text-center\" style=\"text-align: center\"><span style=\"color: #000000\">La dur\u00e9e d\u2019une licence est de 2 ans \u00e0 partir de la date d\u2019installation. Apr\u00e8s deux ans, \u00e0 l\u2019ouverture du logiciel, une fen\u00eatre vous proposera de t\u00e9l\u00e9charger la version la plus r\u00e9cente en substitution de celle dont vous disposez en renouvelant ainsi la licence pour deux ans. S\u2019il existe une version plus r\u00e9cente que celle que vous avez sur votre ordinateur la nouvelle version se substituera \u00e0 la v\u00f4tre en effectuant une mise-\u00e0-jour.<\/span><\/p>\n<div class=\"row\">\n<div class=\"col-xs-12\">&nbsp;<\/div>\n<\/div>\n<p>&nbsp;<\/p>\n<p>&nbsp;<br \/>\n&nbsp;<br \/>\n&nbsp;<br \/>\n&nbsp;<\/p>\n<p style=\"text-align: center\"><a href=\"\/adele-team\/\"><button class=\"button\">Retour \u00e0 l&rsquo;accueil<\/button><\/a><\/p>\n","protected":false},"excerpt":{"rendered":"<p>&nbsp; &nbsp; &nbsp; &nbsp; &nbsp; Mentions l\u00e9gales La dur\u00e9e d\u2019une licence est de 2 ans \u00e0 partir de la date d\u2019installation. Apr\u00e8s deux ans, \u00e0 l\u2019ouverture du logiciel, une fen\u00eatre vous proposera de t\u00e9l\u00e9charger la version la plus r\u00e9cente en substitution de celle dont vous disposez en renouvelant ainsi la licence pour deux ans. S\u2019il&hellip; <br \/> <a class=\"button small blue\" href=\"https:\/\/ifrath.fr\/adele-team\/mise-a-jour-et-protection-dadele-team\/\">Lire la suite<\/a><\/p>\n","protected":false},"author":31,"featured_media":0,"parent":0,"menu_order":0,"comment_status":"closed","ping_status":"closed","template":"","meta":{"ngg_post_thumbnail":0,"footnotes":""},"class_list":["post-40","page","type-page","status-publish","hentry"],"_links":{"self":[{"href":"https:\/\/ifrath.fr\/adele-team\/wp-json\/wp\/v2\/pages\/40","targetHints":{"allow":["GET"]}}],"collection":[{"href":"https:\/\/ifrath.fr\/adele-team\/wp-json\/wp\/v2\/pages"}],"about":[{"href":"https:\/\/ifrath.fr\/adele-team\/wp-json\/wp\/v2\/types\/page"}],"author":[{"embeddable":true,"href":"https:\/\/ifrath.fr\/adele-team\/wp-json\/wp\/v2\/users\/31"}],"replies":[{"embeddable":true,"href":"https:\/\/ifrath.fr\/adele-team\/wp-json\/wp\/v2\/comments?post=40"}],"version-history":[{"count":11,"href":"https:\/\/ifrath.fr\/adele-team\/wp-json\/wp\/v2\/pages\/40\/revisions"}],"predecessor-version":[{"id":371,"href":"https:\/\/ifrath.fr\/adele-team\/wp-json\/wp\/v2\/pages\/40\/revisions\/371"}],"wp:attachment":[{"href":"https:\/\/ifrath.fr\/adele-team\/wp-json\/wp\/v2\/media?parent=40"}],"curies":[{"name":"wp","href":"https:\/\/api.w.org\/{rel}","templated":true}]}}