{"id":33,"date":"2021-07-02T15:32:32","date_gmt":"2021-07-02T13:32:32","guid":{"rendered":"https:\/\/ifrath.fr\/adele-team\/?page_id=33"},"modified":"2024-04-16T01:02:37","modified_gmt":"2024-04-15T23:02:37","slug":"pour-telecharger-adele-team","status":"publish","type":"page","link":"https:\/\/ifrath.fr\/adele-team\/pour-telecharger-adele-team\/","title":{"rendered":"Espace de t\u00e9l\u00e9chargement"},"content":{"rendered":"<h1 class=\"text-center\"><\/h1>\n<p>&nbsp;<br \/>\n&nbsp;<\/p>\n<hr align=\"center\" size=\"8\" width=\"50%\" \/>\n<p>&nbsp;<\/p>\n<h4 style=\"text-align: center\"><span style=\"color: #000000;font-size: 24pt\">ADELE-TEAM est disponible pour les deux plateformes : MacOs et Windows<\/span><\/h4>\n<p style=\"text-align: center\"><span style=\"font-family: arial, helvetica, sans-serif;color: #000000\">ADELE-TEAM\u00a0 est mis \u00e0 la disposition des salari\u00e9s dys gratuitement. Avec toujours plus d&rsquo;efficacit\u00e9 pour le filtre de correction, qui rappelons-le, donne toute son efficacit\u00e9 lorsqu&rsquo;il est utilis\u00e9 conjointement avec Antidote ou Cordial. ADELE-TEAM est actuellement en version 3.8.0 et une version 4 est en cours de d\u00e9veloppement. <\/span><\/p>\n<p>&nbsp;<\/p>\n<p>&nbsp;<\/p>\n<p style=\"text-align: center\"><strong><span style=\"color: #000000\">Choisissez votre t\u00e9l\u00e9chargement en fonction de votre systeme d&rsquo;exploitation<\/span><\/strong><\/p>\n<p style=\"text-align: center\"><span style=\"color: #000000\"><span class=\"col col_shortcode\"><a href=\"\/adele-team\/telechargement-de-adele-pour-windows\/\"> <button class=\"windowsdownbutton\">Version Windows<\/button><\/a><\/span><span class=\"col col_shortcode\"> \u00a0\u00a0<a href=\"\/adele-team\/telechargement-de-adele-pour-mac-os\/\"> <button class=\"downnmac\">Version MacOS<\/button><\/a> <\/span><\/span><\/p>\n<p>&nbsp;<\/p>\n<h4><\/h4>\n<h4><\/h4>\n<p>&nbsp;<\/p>\n<h4 style=\"text-align: center\"><span style=\"color: #000000\">Mise \u00e0 jour et protection d\u2019ADELE-TEAM<\/span><\/h4>\n<p style=\"text-align: center\"><span style=\"color: #000000\">La dur\u00e9e d\u2019une licence est de 2 ans \u00e0 partir de la date d\u2019installation. Apr\u00e8s deux ans, \u00e0 l\u2019ouverture du logiciel, une fen\u00eatre vous proposera de t\u00e9l\u00e9charger la version la plus r\u00e9cente en substitution de celle dont vous disposez en renouvelant ainsi la licence pour deux ans. S\u2019il existe une version plus r\u00e9cente que celle que vous avez sur votre ordinateur la nouvelle version se substituera \u00e0 la v\u00f4tre en effectuant une mise-\u00e0-jour.<\/span><\/p>\n<p>&nbsp;<\/p>\n<p style=\"text-align: center\"><a href=\"\/adele-team\/\"><button class=\"button\">Retour \u00e0 l&rsquo;accueil<\/button><\/a><\/p>\n<p style=\"text-align: center\">\n","protected":false},"excerpt":{"rendered":"<p>&nbsp; &nbsp; &nbsp; ADELE-TEAM est disponible pour les deux plateformes : MacOs et Windows ADELE-TEAM\u00a0 est mis \u00e0 la disposition des salari\u00e9s dys gratuitement. Avec toujours plus d&rsquo;efficacit\u00e9 pour le filtre de correction, qui rappelons-le, donne toute son efficacit\u00e9 lorsqu&rsquo;il est utilis\u00e9 conjointement avec Antidote ou Cordial. ADELE-TEAM est actuellement en version 3.8.0 et une&hellip; <br \/> <a class=\"button small blue\" href=\"https:\/\/ifrath.fr\/adele-team\/pour-telecharger-adele-team\/\">Lire la suite<\/a><\/p>\n","protected":false},"author":31,"featured_media":0,"parent":0,"menu_order":0,"comment_status":"closed","ping_status":"closed","template":"","meta":{"ngg_post_thumbnail":0,"footnotes":""},"class_list":["post-33","page","type-page","status-publish","hentry"],"_links":{"self":[{"href":"https:\/\/ifrath.fr\/adele-team\/wp-json\/wp\/v2\/pages\/33","targetHints":{"allow":["GET"]}}],"collection":[{"href":"https:\/\/ifrath.fr\/adele-team\/wp-json\/wp\/v2\/pages"}],"about":[{"href":"https:\/\/ifrath.fr\/adele-team\/wp-json\/wp\/v2\/types\/page"}],"author":[{"embeddable":true,"href":"https:\/\/ifrath.fr\/adele-team\/wp-json\/wp\/v2\/users\/31"}],"replies":[{"embeddable":true,"href":"https:\/\/ifrath.fr\/adele-team\/wp-json\/wp\/v2\/comments?post=33"}],"version-history":[{"count":19,"href":"https:\/\/ifrath.fr\/adele-team\/wp-json\/wp\/v2\/pages\/33\/revisions"}],"predecessor-version":[{"id":639,"href":"https:\/\/ifrath.fr\/adele-team\/wp-json\/wp\/v2\/pages\/33\/revisions\/639"}],"wp:attachment":[{"href":"https:\/\/ifrath.fr\/adele-team\/wp-json\/wp\/v2\/media?parent=33"}],"curies":[{"name":"wp","href":"https:\/\/api.w.org\/{rel}","templated":true}]}}