{"id":29,"date":"2021-07-02T15:31:32","date_gmt":"2021-07-02T13:31:32","guid":{"rendered":"https:\/\/ifrath.fr\/adele-team\/?page_id=29"},"modified":"2021-08-02T22:28:57","modified_gmt":"2021-08-02T20:28:57","slug":"caracteristiques-fonctionnelles-dadele-team","status":"publish","type":"page","link":"https:\/\/ifrath.fr\/adele-team\/caracteristiques-fonctionnelles-dadele-team\/","title":{"rendered":"Caract\u00e9ristiques fonctionnelles"},"content":{"rendered":"<h1 class=\"text-center\"><\/h1>\n<p>&nbsp;<br \/>\n&nbsp;<\/p>\n<hr align=\"center\" size=\"8\" width=\"50%\" \/>\n<p>&nbsp;<\/p>\n<h4 style=\"text-align: center\"><span style=\"font-size: 24pt;color: #000000\">Caract\u00e9ristiques fonctionnelles d&rsquo;ADELE-TEAM<\/span><\/h4>\n<p>&nbsp;<\/p>\n<div class=\"justification_texte\">\n<div class=\"col-xs-12 col-sm-6\">\n<h4 style=\"text-align: center\"><span style=\"color: #000000\">En lecture :<\/span><\/h4>\n<ul>\n<li><span style=\"color: #000000\">Vocalisation en continue du texte, avec suivi visuel. <\/span><\/li>\n<li><span style=\"color: #000000\">Navigation rapide et contr\u00f4le permanent et imm\u00e9diat des sauts de plus ou moins grande amplitude, vers la fin ou le d\u00e9but du texte, par l&rsquo;utilisateur ;<\/span><\/li>\n<li><span style=\"color: #000000\">Marquage \u00e0 la vol\u00e9e de points importants dans le texte pour y revenir rapidement ;<\/span><\/li>\n<li><span style=\"color: #000000\">Rep\u00e9rage par stabilotage de zones s\u00e9lectionn\u00e9es selon des modes d\u00e9di\u00e9s et personnalisables ;<\/span><\/li>\n<li><span style=\"color: #000000\">Extraction des parties stabilot\u00e9es et recompilation possible par cat\u00e9gories ou pour la totalit\u00e9 des s\u00e9lections ;<\/span><\/li>\n<li><span style=\"color: #000000\">Fonctions de recherche facilit\u00e9es par une localisation vocalis\u00e9e ;<\/span><\/li>\n<li><span style=\"color: #000000\">Etc&#8230;<\/span><\/li>\n<\/ul>\n<p>&nbsp;<\/p>\n<\/div>\n<div class=\"col-xs-12 col-sm-6\">\n<h4 style=\"text-align: center\"><span style=\"color: #000000\">En \u00e9criture :<\/span><\/h4>\n<ul>\n<li><span style=\"color: #000000\">Toutes les fonctions de lecture et de recherche existent en \u00e9criture et sont synchronisables avec le point d&rsquo;insertion ;<\/span><\/li>\n<li><span style=\"color: #000000\">\u00c9cho vocalis\u00e9 de la frappe clavier ;<\/span><\/li>\n<li><span style=\"color: #000000\">Diverses m\u00e9moires de pointeurs facilitent les allers et retours de r\u00e9daction lors de la construction d&rsquo;un texte ;<\/span><\/li>\n<li><span style=\"color: #000000\">Le texte r\u00e9dig\u00e9 peut \u00eatre export\u00e9 sous diff\u00e9rents formats (dont fichier directement vocal), imprim\u00e9 ou tout simplement \u00ab copi\u00e9-coll\u00e9 \u00bb dans un autre document ;<\/span><\/li>\n<li><span style=\"color: #000000\">Correction orthographique avec possibilit\u00e9 d&rsquo;enrichissement du dictionnaire en vue de le personnaliser ;<\/span><\/li>\n<li><span style=\"color: #000000\">Utilisable avec la dict\u00e9e vocale.<\/span><\/li>\n<li><span style=\"color: #000000\">Etc&#8230;<\/span><\/li>\n<\/ul>\n<\/div>\n<\/div>\n<hr align=\"center\" size=\"2\" width=\"50%\">\n&nbsp;<\/p>\n<p style=\"text-align: center\"><a href=\"adele-team\/pour-telecharger-adele-team\"><button class=\"button\">Espace de t\u00e9l\u00e9chargement<\/button><\/a><\/p>\n<p style=\"text-align: center\"><a href=\"\/adele-team\/\"><button class=\"button\">Retour \u00e0 l&rsquo;accueil<\/button><\/a><\/p>\n","protected":false},"excerpt":{"rendered":"<p>&nbsp; &nbsp; &nbsp; Caract\u00e9ristiques fonctionnelles d&rsquo;ADELE-TEAM &nbsp; En lecture : Vocalisation en continue du texte, avec suivi visuel. Navigation rapide et contr\u00f4le permanent et imm\u00e9diat des sauts de plus ou moins grande amplitude, vers la fin ou le d\u00e9but du texte, par l&rsquo;utilisateur ; Marquage \u00e0 la vol\u00e9e de points importants dans le texte pour&hellip; <br \/> <a class=\"button small blue\" href=\"https:\/\/ifrath.fr\/adele-team\/caracteristiques-fonctionnelles-dadele-team\/\">Lire la suite<\/a><\/p>\n","protected":false},"author":31,"featured_media":0,"parent":0,"menu_order":0,"comment_status":"closed","ping_status":"closed","template":"","meta":{"ngg_post_thumbnail":0,"footnotes":""},"class_list":["post-29","page","type-page","status-publish","hentry"],"_links":{"self":[{"href":"https:\/\/ifrath.fr\/adele-team\/wp-json\/wp\/v2\/pages\/29","targetHints":{"allow":["GET"]}}],"collection":[{"href":"https:\/\/ifrath.fr\/adele-team\/wp-json\/wp\/v2\/pages"}],"about":[{"href":"https:\/\/ifrath.fr\/adele-team\/wp-json\/wp\/v2\/types\/page"}],"author":[{"embeddable":true,"href":"https:\/\/ifrath.fr\/adele-team\/wp-json\/wp\/v2\/users\/31"}],"replies":[{"embeddable":true,"href":"https:\/\/ifrath.fr\/adele-team\/wp-json\/wp\/v2\/comments?post=29"}],"version-history":[{"count":20,"href":"https:\/\/ifrath.fr\/adele-team\/wp-json\/wp\/v2\/pages\/29\/revisions"}],"predecessor-version":[{"id":382,"href":"https:\/\/ifrath.fr\/adele-team\/wp-json\/wp\/v2\/pages\/29\/revisions\/382"}],"wp:attachment":[{"href":"https:\/\/ifrath.fr\/adele-team\/wp-json\/wp\/v2\/media?parent=29"}],"curies":[{"name":"wp","href":"https:\/\/api.w.org\/{rel}","templated":true}]}}